{"id":15398,"date":"2026-02-19T14:01:48","date_gmt":"2026-02-19T17:01:48","guid":{"rendered":"https:\/\/www.kitechnologies.com\/?page_id=15398"},"modified":"2026-03-04T10:10:51","modified_gmt":"2026-03-04T13:10:51","slug":"techtalks","status":"publish","type":"page","link":"https:\/\/www.kitechnologies.com\/en\/experiencia-ki\/techtalks\/","title":{"rendered":"Techtalks"},"content":{"rendered":"<div data-elementor-type=\"wp-page\" data-elementor-id=\"15398\" class=\"elementor elementor-15398\">\n\t\t\t\t<div class=\"elementor-element elementor-element-133f94c e-con-full e-flex e-con e-parent\" data-id=\"133f94c\" data-element_type=\"container\" data-e-type=\"container\" data-settings=\"{&quot;background_background&quot;:&quot;classic&quot;}\">\n\t\t\t\t<div class=\"elementor-element elementor-element-f6ba3a7 elementor-widget__width-initial elementor-widget elementor-widget-heading\" data-id=\"f6ba3a7\" data-element_type=\"widget\" data-e-type=\"widget\" data-widget_type=\"heading.default\">\n\t\t\t\t<div class=\"elementor-widget-container\">\n\t\t\t\t\t<div class=\"elementor-heading-title elementor-size-default\">Our <strong>Techtalks<\/strong> at Ki Technologies offer a space where our <strong>outstanding professionals<\/strong> share their expert perspectives and the latest in <strong>digital innovation<\/strong>.<br \/>Every Thursday, a new talk at <strong>Ki Experience<\/strong>.<\/div>\t\t\t\t<\/div>\n\t\t\t\t<\/div>\n\t\t<div class=\"elementor-element elementor-element-2ceecf8 ki-hero-filter e-flex e-con-boxed e-con e-child\" data-id=\"2ceecf8\" data-element_type=\"container\" data-e-type=\"container\">\n\t\t\t\t\t<div class=\"e-con-inner\">\n\t\t\t\t<div class=\"elementor-element elementor-element-7509917 elementor-widget__width-initial elementor-widget elementor-widget-html\" data-id=\"7509917\" data-element_type=\"widget\" data-e-type=\"widget\" data-widget_type=\"html.default\">\n\t\t\t\t<div class=\"elementor-widget-container\">\n\t\t\t\t\t<form class=\"ki-filter\" method=\"get\" action=\"\/en\/experiencia-ki\/techtalks\/\" data-trp-original-action=\"\/experiencia-ki\/techtalks\/\">\n  <div class=\"ki-filter__row\">\n    <input class=\"ki-filter__input\" type=\"text\" name=\"tag\" placeholder=\"Search by tag\u2026\" value=\"\">\n    <div class=\"ki-filter__actions\">\n    <button class=\"ki-filter__btn\" type=\"submit\">Search<\/button>\n    <a class=\"ki-filter__clear\" href=\"\/en\/experiencia-ki\/techtalks\/\">Clear<\/a>\n    <\/div>\n  <\/div>\n<input type=\"hidden\" name=\"trp-form-language\" value=\"en\"\/><\/form>\t\t\t\t<\/div>\n\t\t\t\t<\/div>\n\t\t\t\t\t<\/div>\n\t\t\t\t<\/div>\n\t\t\t\t<\/div>\n\t\t<div class=\"elementor-element elementor-element-24c4bd4 e-con-full e-flex e-con e-parent\" data-id=\"24c4bd4\" data-element_type=\"container\" data-e-type=\"container\">\n\t\t<div class=\"elementor-element elementor-element-903c558 e-con-full e-flex e-con e-child\" data-id=\"903c558\" data-element_type=\"container\" data-e-type=\"container\" id=\"ki-techtalks-archive\">\n\t\t\t\t<\/div>\n\t\t<div class=\"elementor-element elementor-element-3f06780 e-con-full e-flex e-con e-child\" data-id=\"3f06780\" data-element_type=\"container\" data-e-type=\"container\" id=\"ki-techtalks-pagination\">\n\t\t\t\t<\/div>\n\t\t\t\t<\/div>\n\t\t\t\t<\/div>","protected":false},"excerpt":{"rendered":"<p>Las Techtalks de Ki Technologies son un espacio en donde nuestros profesionales destacados (a) exponen sus miradas expertas y lo \u00faltimo en vanguardia digital.Cada jueves, una nueva charla en la Experiencia Ki. Buscar Limpiar<\/p>","protected":false},"author":1,"featured_media":0,"parent":15355,"menu_order":2,"comment_status":"closed","ping_status":"closed","template":"","meta":{"footnotes":""},"class_list":["post-15398","page","type-page","status-publish","hentry"],"yoast_head":"<!-- This site is optimized with the Yoast SEO plugin v27.1.1 - https:\/\/yoast.com\/product\/yoast-seo-wordpress\/ -->\n<title>TechTalks de Innovaci\u00f3n Tecnol\u00f3gica | Ki Technologies<\/title>\n<meta name=\"description\" content=\"Explora nuestros TechTalks sobre innovaci\u00f3n tecnol\u00f3gica, tendencias digitales y transformaci\u00f3n digital que est\u00e1n cambiando el futuro.\" \/>\n<meta name=\"robots\" content=\"index, follow, max-snippet:-1, max-image-preview:large, max-video-preview:-1\" \/>\n<link rel=\"canonical\" href=\"https:\/\/www.kitechnologies.com\/en\/experiencia-ki\/techtalks\/\" \/>\n<meta property=\"og:locale\" content=\"en_US\" \/>\n<meta property=\"og:type\" content=\"article\" \/>\n<meta property=\"og:title\" content=\"TechTalks de Innovaci\u00f3n Tecnol\u00f3gica | Ki Technologies\" \/>\n<meta property=\"og:description\" content=\"Explora nuestros TechTalks sobre innovaci\u00f3n tecnol\u00f3gica, tendencias digitales y transformaci\u00f3n digital que est\u00e1n cambiando el futuro.\" \/>\n<meta property=\"og:url\" content=\"https:\/\/www.kitechnologies.com\/en\/experiencia-ki\/techtalks\/\" \/>\n<meta property=\"og:site_name\" content=\"Ki Technologies\" \/>\n<meta property=\"article:publisher\" content=\"https:\/\/facebook.com\/TotalExperienceCompany\" \/>\n<meta property=\"article:modified_time\" content=\"2026-03-04T13:10:51+00:00\" \/>\n<meta name=\"twitter:card\" content=\"summary_large_image\" \/>\n<meta name=\"twitter:site\" content=\"@Ki_Teknology\" \/>\n<meta name=\"twitter:label1\" content=\"Est. reading time\" \/>\n\t<meta name=\"twitter:data1\" content=\"1 minute\" \/>\n<script type=\"application\/ld+json\" class=\"yoast-schema-graph\">{\"@context\":\"https:\/\/schema.org\",\"@graph\":[{\"@type\":\"WebPage\",\"@id\":\"https:\/\/www.kitechnologies.com\/experiencia-ki\/techtalks\/\",\"url\":\"https:\/\/www.kitechnologies.com\/experiencia-ki\/techtalks\/\",\"name\":\"TechTalks de Innovaci\u00f3n Tecnol\u00f3gica | Ki Technologies\",\"isPartOf\":{\"@id\":\"https:\/\/www.kitechnologies.com\/#website\"},\"datePublished\":\"2026-02-19T17:01:48+00:00\",\"dateModified\":\"2026-03-04T13:10:51+00:00\",\"description\":\"Explora nuestros TechTalks sobre innovaci\u00f3n tecnol\u00f3gica, tendencias digitales y transformaci\u00f3n digital que est\u00e1n cambiando el futuro.\",\"breadcrumb\":{\"@id\":\"https:\/\/www.kitechnologies.com\/experiencia-ki\/techtalks\/#breadcrumb\"},\"inLanguage\":\"en-US\",\"potentialAction\":[{\"@type\":\"ReadAction\",\"target\":[\"https:\/\/www.kitechnologies.com\/experiencia-ki\/techtalks\/\"]}]},{\"@type\":\"BreadcrumbList\",\"@id\":\"https:\/\/www.kitechnologies.com\/experiencia-ki\/techtalks\/#breadcrumb\",\"itemListElement\":[{\"@type\":\"ListItem\",\"position\":1,\"name\":\"Portada\",\"item\":\"https:\/\/www.kitechnologies.com\/\"},{\"@type\":\"ListItem\",\"position\":2,\"name\":\"Experiencia Ki\",\"item\":\"https:\/\/www.kitechnologies.com\/experiencia-ki\/\"},{\"@type\":\"ListItem\",\"position\":3,\"name\":\"Techtalks\"}]},{\"@type\":\"WebSite\",\"@id\":\"https:\/\/www.kitechnologies.com\/#website\",\"url\":\"https:\/\/www.kitechnologies.com\/\",\"name\":\"Ki Technologies\",\"description\":\"\",\"publisher\":{\"@id\":\"https:\/\/www.kitechnologies.com\/#organization\"},\"potentialAction\":[{\"@type\":\"SearchAction\",\"target\":{\"@type\":\"EntryPoint\",\"urlTemplate\":\"https:\/\/www.kitechnologies.com\/?s={search_term_string}\"},\"query-input\":{\"@type\":\"PropertyValueSpecification\",\"valueRequired\":true,\"valueName\":\"search_term_string\"}}],\"inLanguage\":\"en-US\"},{\"@type\":\"Organization\",\"@id\":\"https:\/\/www.kitechnologies.com\/#organization\",\"name\":\"Ki Technologies\",\"url\":\"https:\/\/www.kitechnologies.com\/\",\"logo\":{\"@type\":\"ImageObject\",\"inLanguage\":\"en-US\",\"@id\":\"https:\/\/www.kitechnologies.com\/#\/schema\/logo\/image\/\",\"url\":\"https:\/\/www.kitechnologies.com\/wp-content\/uploads\/2024\/03\/favicon.png\",\"contentUrl\":\"https:\/\/www.kitechnologies.com\/wp-content\/uploads\/2024\/03\/favicon.png\",\"width\":150,\"height\":164,\"caption\":\"Ki Technologies\"},\"image\":{\"@id\":\"https:\/\/www.kitechnologies.com\/#\/schema\/logo\/image\/\"},\"sameAs\":[\"https:\/\/facebook.com\/TotalExperienceCompany\",\"https:\/\/x.com\/Ki_Teknology\",\"https:\/\/www.instagram.com\/kitechnologies_oficial\/\",\"https:\/\/www.linkedin.com\/company\/totalexperiencecompany\"]}]}<\/script>\n<!-- \/ Yoast SEO plugin. -->","yoast_head_json":{"title":"TechTalks de Innovaci\u00f3n Tecnol\u00f3gica | Ki Technologies","description":"Explora nuestros TechTalks sobre innovaci\u00f3n tecnol\u00f3gica, tendencias digitales y transformaci\u00f3n digital que est\u00e1n cambiando el futuro.","robots":{"index":"index","follow":"follow","max-snippet":"max-snippet:-1","max-image-preview":"max-image-preview:large","max-video-preview":"max-video-preview:-1"},"canonical":"https:\/\/www.kitechnologies.com\/en\/experiencia-ki\/techtalks\/","og_locale":"en_US","og_type":"article","og_title":"TechTalks de Innovaci\u00f3n Tecnol\u00f3gica | Ki Technologies","og_description":"Explora nuestros TechTalks sobre innovaci\u00f3n tecnol\u00f3gica, tendencias digitales y transformaci\u00f3n digital que est\u00e1n cambiando el futuro.","og_url":"https:\/\/www.kitechnologies.com\/en\/experiencia-ki\/techtalks\/","og_site_name":"Ki Technologies","article_publisher":"https:\/\/facebook.com\/TotalExperienceCompany","article_modified_time":"2026-03-04T13:10:51+00:00","twitter_card":"summary_large_image","twitter_site":"@Ki_Teknology","twitter_misc":{"Est. reading time":"1 minute"},"schema":{"@context":"https:\/\/schema.org","@graph":[{"@type":"WebPage","@id":"https:\/\/www.kitechnologies.com\/experiencia-ki\/techtalks\/","url":"https:\/\/www.kitechnologies.com\/experiencia-ki\/techtalks\/","name":"TechTalks de Innovaci\u00f3n Tecnol\u00f3gica | Ki Technologies","isPartOf":{"@id":"https:\/\/www.kitechnologies.com\/#website"},"datePublished":"2026-02-19T17:01:48+00:00","dateModified":"2026-03-04T13:10:51+00:00","description":"Explora nuestros TechTalks sobre innovaci\u00f3n tecnol\u00f3gica, tendencias digitales y transformaci\u00f3n digital que est\u00e1n cambiando el futuro.","breadcrumb":{"@id":"https:\/\/www.kitechnologies.com\/experiencia-ki\/techtalks\/#breadcrumb"},"inLanguage":"en-US","potentialAction":[{"@type":"ReadAction","target":["https:\/\/www.kitechnologies.com\/experiencia-ki\/techtalks\/"]}]},{"@type":"BreadcrumbList","@id":"https:\/\/www.kitechnologies.com\/experiencia-ki\/techtalks\/#breadcrumb","itemListElement":[{"@type":"ListItem","position":1,"name":"Portada","item":"https:\/\/www.kitechnologies.com\/"},{"@type":"ListItem","position":2,"name":"Experiencia Ki","item":"https:\/\/www.kitechnologies.com\/experiencia-ki\/"},{"@type":"ListItem","position":3,"name":"Techtalks"}]},{"@type":"WebSite","@id":"https:\/\/www.kitechnologies.com\/#website","url":"https:\/\/www.kitechnologies.com\/","name":"Ki Technologies","description":"","publisher":{"@id":"https:\/\/www.kitechnologies.com\/#organization"},"potentialAction":[{"@type":"SearchAction","target":{"@type":"EntryPoint","urlTemplate":"https:\/\/www.kitechnologies.com\/?s={search_term_string}"},"query-input":{"@type":"PropertyValueSpecification","valueRequired":true,"valueName":"search_term_string"}}],"inLanguage":"en-US"},{"@type":"Organization","@id":"https:\/\/www.kitechnologies.com\/#organization","name":"Ki Technologies","url":"https:\/\/www.kitechnologies.com\/","logo":{"@type":"ImageObject","inLanguage":"en-US","@id":"https:\/\/www.kitechnologies.com\/#\/schema\/logo\/image\/","url":"https:\/\/www.kitechnologies.com\/wp-content\/uploads\/2024\/03\/favicon.png","contentUrl":"https:\/\/www.kitechnologies.com\/wp-content\/uploads\/2024\/03\/favicon.png","width":150,"height":164,"caption":"Ki Technologies"},"image":{"@id":"https:\/\/www.kitechnologies.com\/#\/schema\/logo\/image\/"},"sameAs":["https:\/\/facebook.com\/TotalExperienceCompany","https:\/\/x.com\/Ki_Teknology","https:\/\/www.instagram.com\/kitechnologies_oficial\/","https:\/\/www.linkedin.com\/company\/totalexperiencecompany"]}]}},"_links":{"self":[{"href":"https:\/\/www.kitechnologies.com\/en\/wp-json\/wp\/v2\/pages\/15398","targetHints":{"allow":["GET"]}}],"collection":[{"href":"https:\/\/www.kitechnologies.com\/en\/wp-json\/wp\/v2\/pages"}],"about":[{"href":"https:\/\/www.kitechnologies.com\/en\/wp-json\/wp\/v2\/types\/page"}],"author":[{"embeddable":true,"href":"https:\/\/www.kitechnologies.com\/en\/wp-json\/wp\/v2\/users\/1"}],"replies":[{"embeddable":true,"href":"https:\/\/www.kitechnologies.com\/en\/wp-json\/wp\/v2\/comments?post=15398"}],"version-history":[{"count":37,"href":"https:\/\/www.kitechnologies.com\/en\/wp-json\/wp\/v2\/pages\/15398\/revisions"}],"predecessor-version":[{"id":15587,"href":"https:\/\/www.kitechnologies.com\/en\/wp-json\/wp\/v2\/pages\/15398\/revisions\/15587"}],"up":[{"embeddable":true,"href":"https:\/\/www.kitechnologies.com\/en\/wp-json\/wp\/v2\/pages\/15355"}],"wp:attachment":[{"href":"https:\/\/www.kitechnologies.com\/en\/wp-json\/wp\/v2\/media?parent=15398"}],"curies":[{"name":"wp","href":"https:\/\/api.w.org\/{rel}","templated":true}]}}