{"id":15375,"date":"2026-02-19T13:21:06","date_gmt":"2026-02-19T16:21:06","guid":{"rendered":"https:\/\/www.kitechnologies.com\/?page_id=15375"},"modified":"2026-03-04T10:09:17","modified_gmt":"2026-03-04T13:09:17","slug":"noticias","status":"publish","type":"page","link":"https:\/\/www.kitechnologies.com\/en\/experiencia-ki\/noticias\/","title":{"rendered":"News"},"content":{"rendered":"<div data-elementor-type=\"wp-page\" data-elementor-id=\"15375\" class=\"elementor elementor-15375\">\n\t\t\t\t<div class=\"elementor-element elementor-element-97df86a e-con-full e-flex e-con e-parent\" data-id=\"97df86a\" data-element_type=\"container\" data-e-type=\"container\" data-settings=\"{&quot;background_background&quot;:&quot;classic&quot;}\">\n\t\t\t\t<div class=\"elementor-element elementor-element-6f3fc17 elementor-widget__width-initial elementor-widget-mobile__width-initial elementor-widget elementor-widget-heading\" data-id=\"6f3fc17\" data-element_type=\"widget\" data-e-type=\"widget\" data-widget_type=\"heading.default\">\n\t\t\t\t<div class=\"elementor-widget-container\">\n\t\t\t\t\t<div class=\"elementor-heading-title elementor-size-default\">At <strong>News<\/strong> at <strong>Ki Technologies<\/strong> you will find information about the latest trends in <strong>digital marketing<\/strong>, events, <strong>workshops<\/strong> and everything related to <strong>Ki Experience<\/strong>.<\/div>\t\t\t\t<\/div>\n\t\t\t\t<\/div>\n\t\t<div class=\"elementor-element elementor-element-46b5152 e-con-full ki-hero-filter e-flex e-con e-child\" data-id=\"46b5152\" data-element_type=\"container\" data-e-type=\"container\">\n\t\t\t\t<div class=\"elementor-element elementor-element-4e95ef9 elementor-widget__width-initial elementor-widget elementor-widget-html\" data-id=\"4e95ef9\" data-element_type=\"widget\" data-e-type=\"widget\" data-widget_type=\"html.default\">\n\t\t\t\t<div class=\"elementor-widget-container\">\n\t\t\t\t\t<form class=\"ki-filter\" method=\"get\" action=\"\/en\/experiencia-ki\/noticias\/\" data-trp-original-action=\"\/experiencia-ki\/noticias\/\">\n  <div class=\"ki-filter__row\">\n    <input class=\"ki-filter__input\" type=\"text\" name=\"tag\" placeholder=\"Search by tag\u2026\" value=\"\">\n    <div class=\"ki-filter__actions\">\n    <button class=\"ki-filter__btn\" type=\"submit\">Search<\/button>\n    <a class=\"ki-filter__clear\" href=\"\/en\/experiencia-ki\/noticias\/\">Clear<\/a>\n    <\/div>\n  <\/div>\n<input type=\"hidden\" name=\"trp-form-language\" value=\"en\"\/><\/form>\t\t\t\t<\/div>\n\t\t\t\t<\/div>\n\t\t\t\t<\/div>\n\t\t\t\t<\/div>\n\t\t<div class=\"elementor-element elementor-element-87e08af e-con-full e-flex e-con e-parent\" data-id=\"87e08af\" data-element_type=\"container\" data-e-type=\"container\">\n\t\t<div class=\"elementor-element elementor-element-d3baeb4 e-con-full e-flex e-con e-child\" data-id=\"d3baeb4\" data-element_type=\"container\" data-e-type=\"container\" id=\"ki-noticias-archive\">\n\t\t\t\t<\/div>\n\t\t<div class=\"elementor-element elementor-element-a4dd992 e-con-full e-flex e-con e-child\" data-id=\"a4dd992\" data-element_type=\"container\" data-e-type=\"container\" id=\"ki-noticias-pagination\">\n\t\t\t\t<\/div>\n\t\t\t\t<\/div>\n\t\t\t\t<\/div>","protected":false},"excerpt":{"rendered":"<p>En Noticias de Ki Technologies encontrar\u00e1s informaci\u00f3n sobre lo \u00faltimo de tendencias en marketing digital, eventos, workshops y todo lo referente Experiencia Ki. Buscar Limpiar<\/p>","protected":false},"author":1,"featured_media":0,"parent":15355,"menu_order":1,"comment_status":"closed","ping_status":"closed","template":"","meta":{"footnotes":""},"class_list":["post-15375","page","type-page","status-publish","hentry"],"yoast_head":"<!-- This site is optimized with the Yoast SEO plugin v27.1.1 - https:\/\/yoast.com\/product\/yoast-seo-wordpress\/ -->\n<title>Noticias de Innovaci\u00f3n Digital | Ki Technologies<\/title>\n<meta name=\"description\" content=\"Descubre noticias de innovaci\u00f3n digital, tecnolog\u00eda y tendencias que est\u00e1n transformando los negocios y la experiencia digital.\" \/>\n<meta name=\"robots\" content=\"index, follow, max-snippet:-1, max-image-preview:large, max-video-preview:-1\" \/>\n<link rel=\"canonical\" href=\"https:\/\/www.kitechnologies.com\/en\/experiencia-ki\/noticias\/\" \/>\n<meta property=\"og:locale\" content=\"en_US\" \/>\n<meta property=\"og:type\" content=\"article\" \/>\n<meta property=\"og:title\" content=\"Noticias de Innovaci\u00f3n Digital | Ki Technologies\" \/>\n<meta property=\"og:description\" content=\"Descubre noticias de innovaci\u00f3n digital, tecnolog\u00eda y tendencias que est\u00e1n transformando los negocios y la experiencia digital.\" \/>\n<meta property=\"og:url\" content=\"https:\/\/www.kitechnologies.com\/en\/experiencia-ki\/noticias\/\" \/>\n<meta property=\"og:site_name\" content=\"Ki Technologies\" \/>\n<meta property=\"article:publisher\" content=\"https:\/\/facebook.com\/TotalExperienceCompany\" \/>\n<meta property=\"article:modified_time\" content=\"2026-03-04T13:09:17+00:00\" \/>\n<meta name=\"twitter:card\" content=\"summary_large_image\" \/>\n<meta name=\"twitter:site\" content=\"@Ki_Teknology\" \/>\n<meta name=\"twitter:label1\" content=\"Est. reading time\" \/>\n\t<meta name=\"twitter:data1\" content=\"1 minute\" \/>\n<script type=\"application\/ld+json\" class=\"yoast-schema-graph\">{\"@context\":\"https:\/\/schema.org\",\"@graph\":[{\"@type\":\"WebPage\",\"@id\":\"https:\/\/www.kitechnologies.com\/experiencia-ki\/noticias\/\",\"url\":\"https:\/\/www.kitechnologies.com\/experiencia-ki\/noticias\/\",\"name\":\"Noticias de Innovaci\u00f3n Digital | Ki Technologies\",\"isPartOf\":{\"@id\":\"https:\/\/www.kitechnologies.com\/#website\"},\"datePublished\":\"2026-02-19T16:21:06+00:00\",\"dateModified\":\"2026-03-04T13:09:17+00:00\",\"description\":\"Descubre noticias de innovaci\u00f3n digital, tecnolog\u00eda y tendencias que est\u00e1n transformando los negocios y la experiencia digital.\",\"breadcrumb\":{\"@id\":\"https:\/\/www.kitechnologies.com\/experiencia-ki\/noticias\/#breadcrumb\"},\"inLanguage\":\"en-US\",\"potentialAction\":[{\"@type\":\"ReadAction\",\"target\":[\"https:\/\/www.kitechnologies.com\/experiencia-ki\/noticias\/\"]}]},{\"@type\":\"BreadcrumbList\",\"@id\":\"https:\/\/www.kitechnologies.com\/experiencia-ki\/noticias\/#breadcrumb\",\"itemListElement\":[{\"@type\":\"ListItem\",\"position\":1,\"name\":\"Portada\",\"item\":\"https:\/\/www.kitechnologies.com\/\"},{\"@type\":\"ListItem\",\"position\":2,\"name\":\"Experiencia Ki\",\"item\":\"https:\/\/www.kitechnologies.com\/experiencia-ki\/\"},{\"@type\":\"ListItem\",\"position\":3,\"name\":\"Noticias\"}]},{\"@type\":\"WebSite\",\"@id\":\"https:\/\/www.kitechnologies.com\/#website\",\"url\":\"https:\/\/www.kitechnologies.com\/\",\"name\":\"Ki Technologies\",\"description\":\"\",\"publisher\":{\"@id\":\"https:\/\/www.kitechnologies.com\/#organization\"},\"potentialAction\":[{\"@type\":\"SearchAction\",\"target\":{\"@type\":\"EntryPoint\",\"urlTemplate\":\"https:\/\/www.kitechnologies.com\/?s={search_term_string}\"},\"query-input\":{\"@type\":\"PropertyValueSpecification\",\"valueRequired\":true,\"valueName\":\"search_term_string\"}}],\"inLanguage\":\"en-US\"},{\"@type\":\"Organization\",\"@id\":\"https:\/\/www.kitechnologies.com\/#organization\",\"name\":\"Ki Technologies\",\"url\":\"https:\/\/www.kitechnologies.com\/\",\"logo\":{\"@type\":\"ImageObject\",\"inLanguage\":\"en-US\",\"@id\":\"https:\/\/www.kitechnologies.com\/#\/schema\/logo\/image\/\",\"url\":\"https:\/\/www.kitechnologies.com\/wp-content\/uploads\/2024\/03\/favicon.png\",\"contentUrl\":\"https:\/\/www.kitechnologies.com\/wp-content\/uploads\/2024\/03\/favicon.png\",\"width\":150,\"height\":164,\"caption\":\"Ki Technologies\"},\"image\":{\"@id\":\"https:\/\/www.kitechnologies.com\/#\/schema\/logo\/image\/\"},\"sameAs\":[\"https:\/\/facebook.com\/TotalExperienceCompany\",\"https:\/\/x.com\/Ki_Teknology\",\"https:\/\/www.instagram.com\/kitechnologies_oficial\/\",\"https:\/\/www.linkedin.com\/company\/totalexperiencecompany\"]}]}<\/script>\n<!-- \/ Yoast SEO plugin. -->","yoast_head_json":{"title":"Noticias de Innovaci\u00f3n Digital | Ki Technologies","description":"Descubre noticias de innovaci\u00f3n digital, tecnolog\u00eda y tendencias que est\u00e1n transformando los negocios y la experiencia digital.","robots":{"index":"index","follow":"follow","max-snippet":"max-snippet:-1","max-image-preview":"max-image-preview:large","max-video-preview":"max-video-preview:-1"},"canonical":"https:\/\/www.kitechnologies.com\/en\/experiencia-ki\/noticias\/","og_locale":"en_US","og_type":"article","og_title":"Noticias de Innovaci\u00f3n Digital | Ki Technologies","og_description":"Descubre noticias de innovaci\u00f3n digital, tecnolog\u00eda y tendencias que est\u00e1n transformando los negocios y la experiencia digital.","og_url":"https:\/\/www.kitechnologies.com\/en\/experiencia-ki\/noticias\/","og_site_name":"Ki Technologies","article_publisher":"https:\/\/facebook.com\/TotalExperienceCompany","article_modified_time":"2026-03-04T13:09:17+00:00","twitter_card":"summary_large_image","twitter_site":"@Ki_Teknology","twitter_misc":{"Est. reading time":"1 minute"},"schema":{"@context":"https:\/\/schema.org","@graph":[{"@type":"WebPage","@id":"https:\/\/www.kitechnologies.com\/experiencia-ki\/noticias\/","url":"https:\/\/www.kitechnologies.com\/experiencia-ki\/noticias\/","name":"Noticias de Innovaci\u00f3n Digital | Ki Technologies","isPartOf":{"@id":"https:\/\/www.kitechnologies.com\/#website"},"datePublished":"2026-02-19T16:21:06+00:00","dateModified":"2026-03-04T13:09:17+00:00","description":"Descubre noticias de innovaci\u00f3n digital, tecnolog\u00eda y tendencias que est\u00e1n transformando los negocios y la experiencia digital.","breadcrumb":{"@id":"https:\/\/www.kitechnologies.com\/experiencia-ki\/noticias\/#breadcrumb"},"inLanguage":"en-US","potentialAction":[{"@type":"ReadAction","target":["https:\/\/www.kitechnologies.com\/experiencia-ki\/noticias\/"]}]},{"@type":"BreadcrumbList","@id":"https:\/\/www.kitechnologies.com\/experiencia-ki\/noticias\/#breadcrumb","itemListElement":[{"@type":"ListItem","position":1,"name":"Portada","item":"https:\/\/www.kitechnologies.com\/"},{"@type":"ListItem","position":2,"name":"Experiencia Ki","item":"https:\/\/www.kitechnologies.com\/experiencia-ki\/"},{"@type":"ListItem","position":3,"name":"Noticias"}]},{"@type":"WebSite","@id":"https:\/\/www.kitechnologies.com\/#website","url":"https:\/\/www.kitechnologies.com\/","name":"Ki Technologies","description":"","publisher":{"@id":"https:\/\/www.kitechnologies.com\/#organization"},"potentialAction":[{"@type":"SearchAction","target":{"@type":"EntryPoint","urlTemplate":"https:\/\/www.kitechnologies.com\/?s={search_term_string}"},"query-input":{"@type":"PropertyValueSpecification","valueRequired":true,"valueName":"search_term_string"}}],"inLanguage":"en-US"},{"@type":"Organization","@id":"https:\/\/www.kitechnologies.com\/#organization","name":"Ki Technologies","url":"https:\/\/www.kitechnologies.com\/","logo":{"@type":"ImageObject","inLanguage":"en-US","@id":"https:\/\/www.kitechnologies.com\/#\/schema\/logo\/image\/","url":"https:\/\/www.kitechnologies.com\/wp-content\/uploads\/2024\/03\/favicon.png","contentUrl":"https:\/\/www.kitechnologies.com\/wp-content\/uploads\/2024\/03\/favicon.png","width":150,"height":164,"caption":"Ki Technologies"},"image":{"@id":"https:\/\/www.kitechnologies.com\/#\/schema\/logo\/image\/"},"sameAs":["https:\/\/facebook.com\/TotalExperienceCompany","https:\/\/x.com\/Ki_Teknology","https:\/\/www.instagram.com\/kitechnologies_oficial\/","https:\/\/www.linkedin.com\/company\/totalexperiencecompany"]}]}},"_links":{"self":[{"href":"https:\/\/www.kitechnologies.com\/en\/wp-json\/wp\/v2\/pages\/15375","targetHints":{"allow":["GET"]}}],"collection":[{"href":"https:\/\/www.kitechnologies.com\/en\/wp-json\/wp\/v2\/pages"}],"about":[{"href":"https:\/\/www.kitechnologies.com\/en\/wp-json\/wp\/v2\/types\/page"}],"author":[{"embeddable":true,"href":"https:\/\/www.kitechnologies.com\/en\/wp-json\/wp\/v2\/users\/1"}],"replies":[{"embeddable":true,"href":"https:\/\/www.kitechnologies.com\/en\/wp-json\/wp\/v2\/comments?post=15375"}],"version-history":[{"count":82,"href":"https:\/\/www.kitechnologies.com\/en\/wp-json\/wp\/v2\/pages\/15375\/revisions"}],"predecessor-version":[{"id":15560,"href":"https:\/\/www.kitechnologies.com\/en\/wp-json\/wp\/v2\/pages\/15375\/revisions\/15560"}],"up":[{"embeddable":true,"href":"https:\/\/www.kitechnologies.com\/en\/wp-json\/wp\/v2\/pages\/15355"}],"wp:attachment":[{"href":"https:\/\/www.kitechnologies.com\/en\/wp-json\/wp\/v2\/media?parent=15375"}],"curies":[{"name":"wp","href":"https:\/\/api.w.org\/{rel}","templated":true}]}}